{"id":12089,"date":"2023-10-06T21:03:21","date_gmt":"2023-10-06T19:03:21","guid":{"rendered":"https:\/\/photomaisonslaffitte.fr\/photo_club_ml\/?page_id=12089"},"modified":"2025-12-04T13:00:40","modified_gmt":"2025-12-04T12:00:40","slug":"suivi-evenements-mansonniens","status":"publish","type":"page","link":"https:\/\/photomaisonslaffitte.fr\/photo_club_ml\/suivi-evenements-mansonniens\/","title":{"rendered":"Suivi d&#8217;Ev\u00e8nements Mansonniens"},"content":{"rendered":"\t\t<div data-elementor-type=\"wp-post\" data-elementor-id=\"12089\" class=\"elementor elementor-12089\">\n\t\t\t\t\t\t<section class=\"elementor-section elementor-top-section elementor-element elementor-element-b2334eb elementor-section-boxed elementor-section-height-default elementor-section-height-default\" data-id=\"b2334eb\" data-element_type=\"section\" data-e-type=\"section\">\n\t\t\t\t\t\t<div class=\"elementor-container elementor-column-gap-default\">\n\t\t\t\t\t<div class=\"elementor-column elementor-col-100 elementor-top-column elementor-element elementor-element-51883a5\" data-id=\"51883a5\" data-element_type=\"column\" data-e-type=\"column\">\n\t\t\t<div class=\"elementor-widget-wrap elementor-element-populated\">\n\t\t\t\t\t\t<div class=\"elementor-element elementor-element-d9d3387 elementor-widget elementor-widget-text-editor\" data-id=\"d9d3387\" data-element_type=\"widget\" data-e-type=\"widget\" data-widget_type=\"text-editor.default\">\n\t\t\t\t<div class=\"elementor-widget-container\">\n\t\t\t\t\t\t\t\t\t<hr \/><h3>\u00a0<\/h3><h3><u>PHOTOS REALISEES PAR DES MEMBRES DU CLUB LORS D&#8217;EPREUVES SPORTIVES MANSONNIENNES<\/u><\/h3><h3><em style=\"color: var( --e-global-color-text ); font-family: var( --e-global-typography-text-font-family ), Sans-serif; font-weight: var( --e-global-typography-text-font-weight ); font-size: 14px;\">\u00a0Les\u00a0 photos ayant \u00e9t\u00e9 prises lors d&#8217;un \u00e9v\u00e8nement public, celles-ci ne sont normalement pas soumises \u00e0 droit \u00e0 l&#8217;image de la part des personnes pouvant appara\u00eetre sur les photos.\u00a0<\/em><\/h3><p><em>En cas d&#8217;anomalie ou d&#8217;abus constat\u00e9, nous vous invitons \u00e0 lire l&#8217;avertissement en bas de page et nous contacter.<\/em><\/p>\t\t\t\t\t\t\t\t<\/div>\n\t\t\t\t<\/div>\n\t\t\t\t\t<\/div>\n\t\t<\/div>\n\t\t\t\t\t<\/div>\n\t\t<\/section>\n\t\t\t\t<section class=\"elementor-section elementor-top-section elementor-element elementor-element-a199d28 elementor-section-boxed elementor-section-height-default elementor-section-height-default\" data-id=\"a199d28\" data-element_type=\"section\" data-e-type=\"section\">\n\t\t\t\t\t\t<div class=\"elementor-container elementor-column-gap-default\">\n\t\t\t\t\t<div class=\"elementor-column elementor-col-100 elementor-top-column elementor-element elementor-element-f400697\" data-id=\"f400697\" data-element_type=\"column\" data-e-type=\"column\">\n\t\t\t<div class=\"elementor-widget-wrap elementor-element-populated\">\n\t\t\t\t\t\t<div class=\"elementor-element elementor-element-7488dc4 elementor-widget elementor-widget-text-editor\" data-id=\"7488dc4\" data-element_type=\"widget\" data-e-type=\"widget\" data-widget_type=\"text-editor.default\">\n\t\t\t\t<div class=\"elementor-widget-container\">\n\t\t\t\t\t\t\t\t\t<p><img decoding=\"async\" src=\"https:\/\/photomaisonslaffitte.fr\/photo_club_ml\/wp-content\/uploads\/2024\/02\/logo-usml-300x106.png\" alt=\"\" width=\"300\" height=\"106\"><\/p>\n<hr>\n<h3><a href=\"https:\/\/photomaisonslaffitte.fr\/photo_club_ml\/usml-telethon\/\" target=\"_blank\" rel=\"noopener\">USML TELETHON, REPORTAGES REALISES PAR LES REPORTERS DE LA SECTION PHOTO<\/a><\/h3>\n<div><img fetchpriority=\"high\" decoding=\"async\" class=\"size-medium wp-image-13596 aligncenter\" style=\"color: var( --e-global-color-text ); font-family: var( --e-global-typography-text-font-family ), Sans-serif; font-weight: var( --e-global-typography-text-font-weight ); background-color: var(--ast-global-color-5); font-size: 1rem;\" src=\"https:\/\/photomaisonslaffitte.fr\/photo_club_ml\/wp-content\/uploads\/2024\/11\/AFM_TELETHON_Q.2-300x300.jpg\" alt=\"\" width=\"300\" height=\"300\" srcset=\"https:\/\/photomaisonslaffitte.fr\/photo_club_ml\/wp-content\/uploads\/2024\/11\/AFM_TELETHON_Q.2-300x300.jpg 300w, https:\/\/photomaisonslaffitte.fr\/photo_club_ml\/wp-content\/uploads\/2024\/11\/AFM_TELETHON_Q.2-150x150.jpg 150w, https:\/\/photomaisonslaffitte.fr\/photo_club_ml\/wp-content\/uploads\/2024\/11\/AFM_TELETHON_Q.2.jpg 500w\" sizes=\"(max-width: 300px) 100vw, 300px\" \/>&nbsp;<\/div>\t\t\t\t\t\t\t\t<\/div>\n\t\t\t\t<\/div>\n\t\t\t\t\t<\/div>\n\t\t<\/div>\n\t\t\t\t\t<\/div>\n\t\t<\/section>\n\t\t\t\t<section class=\"elementor-section elementor-top-section elementor-element elementor-element-d8761b8 elementor-section-boxed elementor-section-height-default elementor-section-height-default\" data-id=\"d8761b8\" data-element_type=\"section\" data-e-type=\"section\">\n\t\t\t\t\t\t<div class=\"elementor-container elementor-column-gap-default\">\n\t\t\t\t\t<div class=\"elementor-column elementor-col-100 elementor-top-column elementor-element elementor-element-91b6699\" data-id=\"91b6699\" data-element_type=\"column\" data-e-type=\"column\">\n\t\t\t<div class=\"elementor-widget-wrap elementor-element-populated\">\n\t\t\t\t\t\t<div class=\"elementor-element elementor-element-b5dca59 elementor-widget elementor-widget-image\" data-id=\"b5dca59\" data-element_type=\"widget\" data-e-type=\"widget\" data-widget_type=\"image.default\">\n\t\t\t\t<div class=\"elementor-widget-container\">\n\t\t\t\t\t\t\t\t\t\t\t\t\t\t\t<img decoding=\"async\" width=\"768\" height=\"432\" src=\"https:\/\/photomaisonslaffitte.fr\/photo_club_ml\/wp-content\/uploads\/2025\/12\/001-00-1-CLRO-002-Affichage_Tous_en_rose-Pr\u251c\u00aeparatifs-La_Mansonnienne-202-768x432.jpg\" class=\"attachment-medium_large size-medium_large wp-image-14969\" alt=\"\" srcset=\"https:\/\/photomaisonslaffitte.fr\/photo_club_ml\/wp-content\/uploads\/2025\/12\/001-00-1-CLRO-002-Affichage_Tous_en_rose-Pr\u251c\u00aeparatifs-La_Mansonnienne-202-768x432.jpg 768w, https:\/\/photomaisonslaffitte.fr\/photo_club_ml\/wp-content\/uploads\/2025\/12\/001-00-1-CLRO-002-Affichage_Tous_en_rose-Pr\u251c\u00aeparatifs-La_Mansonnienne-202-300x169.jpg 300w, https:\/\/photomaisonslaffitte.fr\/photo_club_ml\/wp-content\/uploads\/2025\/12\/001-00-1-CLRO-002-Affichage_Tous_en_rose-Pr\u251c\u00aeparatifs-La_Mansonnienne-202-1024x576.jpg 1024w, https:\/\/photomaisonslaffitte.fr\/photo_club_ml\/wp-content\/uploads\/2025\/12\/001-00-1-CLRO-002-Affichage_Tous_en_rose-Pr\u251c\u00aeparatifs-La_Mansonnienne-202-1536x864.jpg 1536w, https:\/\/photomaisonslaffitte.fr\/photo_club_ml\/wp-content\/uploads\/2025\/12\/001-00-1-CLRO-002-Affichage_Tous_en_rose-Pr\u251c\u00aeparatifs-La_Mansonnienne-202.jpg 1920w\" sizes=\"(max-width: 768px) 100vw, 768px\" \/>\t\t\t\t\t\t\t\t\t\t\t\t\t\t\t<\/div>\n\t\t\t\t<\/div>\n\t\t\t\t<div class=\"elementor-element elementor-element-7f91396 elementor-widget elementor-widget-text-editor\" data-id=\"7f91396\" data-element_type=\"widget\" data-e-type=\"widget\" data-widget_type=\"text-editor.default\">\n\t\t\t\t<div class=\"elementor-widget-container\">\n\t\t\t\t\t\t\t\t\t<p>\u00a0<\/p><hr \/><h3><a href=\"https:\/\/photomaisonslaffitte.fr\/photo_club_ml\/la-mansonnienne\/\">LES MEMBRES DU PHOTOCLUB, REPORTERS PHOTO DES DERNIERES EDITIONS DE LA MANSONNIENNE<\/a><\/h3><div>\u00a0<\/div>\t\t\t\t\t\t\t\t<\/div>\n\t\t\t\t<\/div>\n\t\t\t\t\t<\/div>\n\t\t<\/div>\n\t\t\t\t\t<\/div>\n\t\t<\/section>\n\t\t\t\t<section class=\"elementor-section elementor-top-section elementor-element elementor-element-709abc0 elementor-section-boxed elementor-section-height-default elementor-section-height-default\" data-id=\"709abc0\" data-element_type=\"section\" data-e-type=\"section\">\n\t\t\t\t\t\t<div class=\"elementor-container elementor-column-gap-default\">\n\t\t\t\t\t<div class=\"elementor-column elementor-col-100 elementor-top-column elementor-element elementor-element-c781cf4\" data-id=\"c781cf4\" data-element_type=\"column\" data-e-type=\"column\">\n\t\t\t<div class=\"elementor-widget-wrap elementor-element-populated\">\n\t\t\t\t\t\t<div class=\"elementor-element elementor-element-9b1a090 elementor-widget elementor-widget-text-editor\" data-id=\"9b1a090\" data-element_type=\"widget\" data-e-type=\"widget\" data-widget_type=\"text-editor.default\">\n\t\t\t\t<div class=\"elementor-widget-container\">\n\t\t\t\t\t\t\t\t\t<p>\u00a0<\/p><p>\u00a0<span style=\"color: var(--ast-global-color-2); font-family: inherit; font-size: 1.73333rem; font-style: inherit; font-weight: 600; background-color: var(--ast-global-color-5);\"><a href=\"https:\/\/photomaisonslaffitte.fr\/photo_club_ml\/sports-mansonniens-2\/\" target=\"_blank\" rel=\"noopener\">SPORTS MANSONNIENS<\/a>\u00a0<\/span><\/p><p><span style=\"color: var(--ast-global-color-2); font-family: inherit; font-size: 1.73333rem; font-style: inherit; font-weight: 600; background-color: var(--ast-global-color-5);\">PAR<\/span><\/p><h3>\u00a0<\/h3><div>\u00a0<img loading=\"lazy\" decoding=\"async\" class=\"alignnone size-medium wp-image-2955\" style=\"color: var( --e-global-color-text ); font-family: var( --e-global-typography-text-font-family ), Sans-serif; font-weight: var( --e-global-typography-text-font-weight ); background-color: var(--ast-global-color-5); font-size: 1rem;\" src=\"https:\/\/photomaisonslaffitte.fr\/photo_club_ml\/wp-content\/uploads\/2019\/03\/Logo-300x300.png\" alt=\"favicon club Maisons-Laffitte\" width=\"300\" height=\"300\" srcset=\"https:\/\/photomaisonslaffitte.fr\/photo_club_ml\/wp-content\/uploads\/2019\/03\/Logo-300x300.png 300w, https:\/\/photomaisonslaffitte.fr\/photo_club_ml\/wp-content\/uploads\/2019\/03\/Logo-150x150.png 150w, https:\/\/photomaisonslaffitte.fr\/photo_club_ml\/wp-content\/uploads\/2019\/03\/Logo-320x320.png 320w, https:\/\/photomaisonslaffitte.fr\/photo_club_ml\/wp-content\/uploads\/2019\/03\/Logo-128x128.png 128w, https:\/\/photomaisonslaffitte.fr\/photo_club_ml\/wp-content\/uploads\/2019\/03\/Logo.png 338w\" sizes=\"(max-width: 300px) 100vw, 300px\" \/><\/div><div>\u00a0<\/div>\t\t\t\t\t\t\t\t<\/div>\n\t\t\t\t<\/div>\n\t\t\t\t\t<\/div>\n\t\t<\/div>\n\t\t\t\t\t<\/div>\n\t\t<\/section>\n\t\t\t\t<section class=\"elementor-section elementor-top-section elementor-element elementor-element-793ba87 elementor-section-boxed elementor-section-height-default elementor-section-height-default\" data-id=\"793ba87\" data-element_type=\"section\" data-e-type=\"section\">\n\t\t\t\t\t\t<div class=\"elementor-container elementor-column-gap-default\">\n\t\t\t\t\t<div class=\"elementor-column elementor-col-100 elementor-top-column elementor-element elementor-element-4f8d3c8\" data-id=\"4f8d3c8\" data-element_type=\"column\" data-e-type=\"column\">\n\t\t\t<div class=\"elementor-widget-wrap\">\n\t\t\t\t\t\t\t<\/div>\n\t\t<\/div>\n\t\t\t\t\t<\/div>\n\t\t<\/section>\n\t\t\t\t<section class=\"elementor-section elementor-top-section elementor-element elementor-element-b3624d5 elementor-section-boxed elementor-section-height-default elementor-section-height-default\" data-id=\"b3624d5\" data-element_type=\"section\" data-e-type=\"section\">\n\t\t\t\t\t\t<div class=\"elementor-container elementor-column-gap-default\">\n\t\t\t\t\t<div class=\"elementor-column elementor-col-100 elementor-top-column elementor-element elementor-element-42005a1\" data-id=\"42005a1\" data-element_type=\"column\" data-e-type=\"column\">\n\t\t\t<div class=\"elementor-widget-wrap elementor-element-populated\">\n\t\t\t\t\t\t<div class=\"elementor-element elementor-element-026d78c elementor-widget elementor-widget-text-editor\" data-id=\"026d78c\" data-element_type=\"widget\" data-e-type=\"widget\" data-widget_type=\"text-editor.default\">\n\t\t\t\t<div class=\"elementor-widget-container\">\n\t\t\t\t\t\t\t\t\t<h2 style=\"text-align: center;\"><strong>AVERTISSEMENT<\/strong><\/h2><p style=\"text-align: center;\">Le site\u00a0 expose des photographies personnelles par les membres.<\/p><p style=\"text-align: center;\">Les photos restent leur propri\u00e9t\u00e9 et ils restent responsables des droits \u00e0 l&#8217;image de celles-ci.<\/p><p style=\"text-align: center;\">En cas d&#8217;anomalie ou si vous apparaissiez par erreur, m\u00eame si c&#8217;est un \u00e9v\u00e8nement public, merci de nous le signaler afin que nous puissions y rem\u00e9dier et retirer la photo de la galerie concern\u00e9e si ceci est justifi\u00e9. Merci dans ce cas de nous pr\u00e9ciser dans quelle mesure, vous \u00eates la personne vis\u00e9e principalement par la photo et en quoi cette photo porte atteinte \u00e0 votre image\u00a0<\/p><p style=\"text-align: center;\">mail: <span style=\"text-decoration: underline;\"><span style=\"color: #0000ff;\"><a style=\"color: #0000ff;\" href=\"mailto:pcml.photoclub@gmail.com\">pcml.photoclub@gmail.com<\/a><\/span><\/span><\/p>\t\t\t\t\t\t\t\t<\/div>\n\t\t\t\t<\/div>\n\t\t\t\t\t<\/div>\n\t\t<\/div>\n\t\t\t\t\t<\/div>\n\t\t<\/section>\n\t\t\t\t<section class=\"elementor-section elementor-top-section elementor-element elementor-element-a9ce92f elementor-section-boxed elementor-section-height-default elementor-section-height-default\" data-id=\"a9ce92f\" data-element_type=\"section\" data-e-type=\"section\">\n\t\t\t\t\t\t<div class=\"elementor-container elementor-column-gap-default\">\n\t\t\t\t\t<div class=\"elementor-column elementor-col-100 elementor-top-column elementor-element elementor-element-4d9a2d9\" data-id=\"4d9a2d9\" data-element_type=\"column\" data-e-type=\"column\">\n\t\t\t<div class=\"elementor-widget-wrap elementor-element-populated\">\n\t\t\t\t\t\t<div class=\"elementor-element elementor-element-ad63403 elementor-widget elementor-widget-text-editor\" data-id=\"ad63403\" data-element_type=\"widget\" data-e-type=\"widget\" data-widget_type=\"text-editor.default\">\n\t\t\t\t<div class=\"elementor-widget-container\">\n\t\t\t\t\t\t\t\t\t<p>Lorem ipsum dolor sit amet, consectetur adipiscing elit. Ut elit tellus, luctus nec ullamcorper mattis, pulvinar dapibus leo.<\/p>\t\t\t\t\t\t\t\t<\/div>\n\t\t\t\t<\/div>\n\t\t\t\t\t<\/div>\n\t\t<\/div>\n\t\t\t\t\t<\/div>\n\t\t<\/section>\n\t\t\t\t<\/div>\n\t\t","protected":false},"excerpt":{"rendered":"<p>\u00a0 PHOTOS REALISEES PAR DES MEMBRES DU CLUB LORS D&#8217;EPREUVES SPORTIVES MANSONNIENNES \u00a0Les\u00a0 photos ayant \u00e9t\u00e9 prises lors d&#8217;un \u00e9v\u00e8nement public, celles-ci ne sont normalement pas soumises \u00e0 droit \u00e0 [&hellip;]<\/p>\n","protected":false},"author":16,"featured_media":11476,"parent":0,"menu_order":0,"comment_status":"closed","ping_status":"closed","template":"","meta":{"site-sidebar-layout":"default","site-content-layout":"","ast-site-content-layout":"default","site-content-style":"default","site-sidebar-style":"default","ast-global-header-display":"","ast-banner-title-visibility":"","ast-main-header-display":"","ast-hfb-above-header-display":"","ast-hfb-below-header-display":"","ast-hfb-mobile-header-display":"","site-post-title":"disabled","ast-breadcrumbs-content":"","ast-featured-img":"disabled","footer-sml-layout":"","ast-disable-related-posts":"","theme-transparent-header-meta":"","adv-header-id-meta":"","stick-header-meta":"","header-above-stick-meta":"","header-main-stick-meta":"","header-below-stick-meta":"","astra-migrate-meta-layouts":"set","ast-page-background-enabled":"default","ast-page-background-meta":{"desktop":{"background-color":"var(--ast-global-color-4)","background-image":"","background-repeat":"repeat","background-position":"center center","background-size":"auto","background-attachment":"scroll","background-type":"","background-media":"","overlay-type":"","overlay-color":"","overlay-opacity":"","overlay-gradient":""},"tablet":{"background-color":"","background-image":"","background-repeat":"repeat","background-position":"center center","background-size":"auto","background-attachment":"scroll","background-type":"","background-media":"","overlay-type":"","overlay-color":"","overlay-opacity":"","overlay-gradient":""},"mobile":{"background-color":"","background-image":"","background-repeat":"repeat","background-position":"center center","background-size":"auto","background-attachment":"scroll","background-type":"","background-media":"","overlay-type":"","overlay-color":"","overlay-opacity":"","overlay-gradient":""}},"ast-content-background-meta":{"desktop":{"background-color":"var(--ast-global-color-5)","background-image":"","background-repeat":"repeat","background-position":"center center","background-size":"auto","background-attachment":"scroll","background-type":"","background-media":"","overlay-type":"","overlay-color":"","overlay-opacity":"","overlay-gradient":""},"tablet":{"background-color":"var(--ast-global-color-5)","background-image":"","background-repeat":"repeat","background-position":"center center","background-size":"auto","background-attachment":"scroll","background-type":"","background-media":"","overlay-type":"","overlay-color":"","overlay-opacity":"","overlay-gradient":""},"mobile":{"background-color":"var(--ast-global-color-5)","background-image":"","background-repeat":"repeat","background-position":"center center","background-size":"auto","background-attachment":"scroll","background-type":"","background-media":"","overlay-type":"","overlay-color":"","overlay-opacity":"","overlay-gradient":""}},"_price":"","_stock":"","_tribe_ticket_header":"","_tribe_default_ticket_provider":"","_tribe_ticket_capacity":"0","_ticket_start_date":"","_ticket_end_date":"","_tribe_ticket_show_description":"","_tribe_ticket_show_not_going":false,"_tribe_ticket_use_global_stock":"","_tribe_ticket_global_stock_level":"","_global_stock_mode":"","_global_stock_cap":"","_tribe_rsvp_for_event":"","_tribe_ticket_going_count":"","_tribe_ticket_not_going_count":"","_tribe_tickets_list":"[]","_tribe_ticket_has_attendee_info_fields":false,"footnotes":""},"categories":[33,46],"tags":[],"class_list":["post-12089","page","type-page","status-publish","has-post-thumbnail","hentry","category-actualites","category-vie-du-club"],"_links":{"self":[{"href":"https:\/\/photomaisonslaffitte.fr\/photo_club_ml\/wp-json\/wp\/v2\/pages\/12089","targetHints":{"allow":["GET"]}}],"collection":[{"href":"https:\/\/photomaisonslaffitte.fr\/photo_club_ml\/wp-json\/wp\/v2\/pages"}],"about":[{"href":"https:\/\/photomaisonslaffitte.fr\/photo_club_ml\/wp-json\/wp\/v2\/types\/page"}],"author":[{"embeddable":true,"href":"https:\/\/photomaisonslaffitte.fr\/photo_club_ml\/wp-json\/wp\/v2\/users\/16"}],"replies":[{"embeddable":true,"href":"https:\/\/photomaisonslaffitte.fr\/photo_club_ml\/wp-json\/wp\/v2\/comments?post=12089"}],"version-history":[{"count":2,"href":"https:\/\/photomaisonslaffitte.fr\/photo_club_ml\/wp-json\/wp\/v2\/pages\/12089\/revisions"}],"predecessor-version":[{"id":14972,"href":"https:\/\/photomaisonslaffitte.fr\/photo_club_ml\/wp-json\/wp\/v2\/pages\/12089\/revisions\/14972"}],"wp:featuredmedia":[{"embeddable":true,"href":"https:\/\/photomaisonslaffitte.fr\/photo_club_ml\/wp-json\/wp\/v2\/media\/11476"}],"wp:attachment":[{"href":"https:\/\/photomaisonslaffitte.fr\/photo_club_ml\/wp-json\/wp\/v2\/media?parent=12089"}],"wp:term":[{"taxonomy":"category","embeddable":true,"href":"https:\/\/photomaisonslaffitte.fr\/photo_club_ml\/wp-json\/wp\/v2\/categories?post=12089"},{"taxonomy":"post_tag","embeddable":true,"href":"https:\/\/photomaisonslaffitte.fr\/photo_club_ml\/wp-json\/wp\/v2\/tags?post=12089"}],"curies":[{"name":"wp","href":"https:\/\/api.w.org\/{rel}","templated":true}]}}