{"id":13619,"date":"2024-11-22T21:23:57","date_gmt":"2024-11-22T20:23:57","guid":{"rendered":"https:\/\/photomaisonslaffitte.fr\/photo_club_ml\/?page_id=13619"},"modified":"2024-11-22T22:17:18","modified_gmt":"2024-11-22T21:17:18","slug":"sports-mansonniens-2","status":"publish","type":"page","link":"https:\/\/photomaisonslaffitte.fr\/photo_club_ml\/sports-mansonniens-2\/","title":{"rendered":"Sports Mansonniens"},"content":{"rendered":"\t\t<div data-elementor-type=\"wp-post\" data-elementor-id=\"13619\" class=\"elementor elementor-13619\">\n\t\t\t\t\t\t<section class=\"elementor-section elementor-top-section elementor-element elementor-element-5ad9347 elementor-section-boxed elementor-section-height-default elementor-section-height-default\" data-id=\"5ad9347\" data-element_type=\"section\" data-e-type=\"section\">\n\t\t\t\t\t\t<div class=\"elementor-container elementor-column-gap-default\">\n\t\t\t\t\t<div class=\"elementor-column elementor-col-100 elementor-top-column elementor-element elementor-element-a628b72\" data-id=\"a628b72\" data-element_type=\"column\" data-e-type=\"column\">\n\t\t\t<div class=\"elementor-widget-wrap elementor-element-populated\">\n\t\t\t\t\t\t<div class=\"elementor-element elementor-element-3fd8d95 elementor-widget elementor-widget-heading\" data-id=\"3fd8d95\" data-element_type=\"widget\" data-e-type=\"widget\" data-widget_type=\"heading.default\">\n\t\t\t\t<div class=\"elementor-widget-container\">\n\t\t\t\t\t<h2 class=\"elementor-heading-title elementor-size-default\">Semaine Olympique<br>Piscine de Maison-Laffitte<br>en collaboration avec l'UML Natation<\/h2>\t\t\t\t<\/div>\n\t\t\t\t<\/div>\n\t\t\t\t\t<\/div>\n\t\t<\/div>\n\t\t\t\t\t<\/div>\n\t\t<\/section>\n\t\t\t\t<section class=\"elementor-section elementor-top-section elementor-element elementor-element-bfd3d20 elementor-section-boxed elementor-section-height-default elementor-section-height-default\" data-id=\"bfd3d20\" data-element_type=\"section\" data-e-type=\"section\">\n\t\t\t\t\t\t<div class=\"elementor-container elementor-column-gap-default\">\n\t\t\t\t\t<div class=\"elementor-column elementor-col-100 elementor-top-column elementor-element elementor-element-0cad2e1\" data-id=\"0cad2e1\" data-element_type=\"column\" data-e-type=\"column\">\n\t\t\t<div class=\"elementor-widget-wrap elementor-element-populated\">\n\t\t\t\t\t\t<div class=\"elementor-element elementor-element-0290547 elementor-widget elementor-widget-heading\" data-id=\"0290547\" data-element_type=\"widget\" data-e-type=\"widget\" data-widget_type=\"heading.default\">\n\t\t\t\t<div class=\"elementor-widget-container\">\n\t\t\t\t\t<h2 class=\"elementor-heading-title elementor-size-default\"><a href=\"https:\/\/public.joomeo.com\/albums\/6634b1978977b\" target=\"_blank\" rel=\"nofollow\">Semaine Olympique<\/a><\/h2>\t\t\t\t<\/div>\n\t\t\t\t<\/div>\n\t\t\t\t<div class=\"elementor-element elementor-element-8361dbb elementor-widget elementor-widget-image\" data-id=\"8361dbb\" data-element_type=\"widget\" data-e-type=\"widget\" data-widget_type=\"image.default\">\n\t\t\t\t<div class=\"elementor-widget-container\">\n\t\t\t\t\t\t\t\t\t\t\t\t\t\t\t\t<a href=\"https:\/\/public.joomeo.com\/albums\/6634b1978977b\" target=\"_blank\" rel=\"nofollow\">\n\t\t\t\t\t\t\t<img decoding=\"async\" width=\"200\" height=\"189\" src=\"https:\/\/photomaisonslaffitte.fr\/photo_club_ml\/wp-content\/uploads\/2024\/05\/usml-natation.jpg\" class=\"attachment-large size-large wp-image-13016\" alt=\"\" \/>\t\t\t\t\t\t\t\t<\/a>\n\t\t\t\t\t\t\t\t\t\t\t\t\t\t\t<\/div>\n\t\t\t\t<\/div>\n\t\t\t\t\t<\/div>\n\t\t<\/div>\n\t\t\t\t\t<\/div>\n\t\t<\/section>\n\t\t\t\t<section class=\"elementor-section elementor-top-section elementor-element elementor-element-d4d29d0 elementor-section-boxed elementor-section-height-default elementor-section-height-default\" data-id=\"d4d29d0\" data-element_type=\"section\" data-e-type=\"section\">\n\t\t\t\t\t\t<div class=\"elementor-container elementor-column-gap-default\">\n\t\t\t\t\t<div class=\"elementor-column elementor-col-100 elementor-top-column elementor-element elementor-element-13fbe6e\" data-id=\"13fbe6e\" data-element_type=\"column\" data-e-type=\"column\">\n\t\t\t<div class=\"elementor-widget-wrap\">\n\t\t\t\t\t\t\t<\/div>\n\t\t<\/div>\n\t\t\t\t\t<\/div>\n\t\t<\/section>\n\t\t\t\t<section class=\"elementor-section elementor-top-section elementor-element elementor-element-8a85c0d elementor-section-boxed elementor-section-height-default elementor-section-height-default\" data-id=\"8a85c0d\" data-element_type=\"section\" data-e-type=\"section\">\n\t\t\t\t\t\t<div class=\"elementor-container elementor-column-gap-default\">\n\t\t\t\t\t<div class=\"elementor-column elementor-col-100 elementor-top-column elementor-element elementor-element-0e73ded\" data-id=\"0e73ded\" data-element_type=\"column\" data-e-type=\"column\">\n\t\t\t<div class=\"elementor-widget-wrap elementor-element-populated\">\n\t\t\t\t\t\t<div class=\"elementor-element elementor-element-69db15c elementor-widget elementor-widget-heading\" data-id=\"69db15c\" data-element_type=\"widget\" data-e-type=\"widget\" data-widget_type=\"heading.default\">\n\t\t\t\t<div class=\"elementor-widget-container\">\n\t\t\t\t\t<h2 class=\"elementor-heading-title elementor-size-default\"><a href=\"https:\/\/public.joomeo.com\/albums\/6634b70334c20\" target=\"_blank\" rel=\"nofollow\">Compagnie d'arc de Maisons-Laffitte<\/a><\/h2>\t\t\t\t<\/div>\n\t\t\t\t<\/div>\n\t\t\t\t\t<\/div>\n\t\t<\/div>\n\t\t\t\t\t<\/div>\n\t\t<\/section>\n\t\t\t\t<section class=\"elementor-section elementor-top-section elementor-element elementor-element-3493087 elementor-section-boxed elementor-section-height-default elementor-section-height-default\" data-id=\"3493087\" data-element_type=\"section\" data-e-type=\"section\">\n\t\t\t\t\t\t<div class=\"elementor-container elementor-column-gap-default\">\n\t\t\t\t\t<div class=\"elementor-column elementor-col-100 elementor-top-column elementor-element elementor-element-5bde6be\" data-id=\"5bde6be\" data-element_type=\"column\" data-e-type=\"column\">\n\t\t\t<div class=\"elementor-widget-wrap elementor-element-populated\">\n\t\t\t\t\t\t<div class=\"elementor-element elementor-element-161e46b elementor-widget elementor-widget-heading\" data-id=\"161e46b\" data-element_type=\"widget\" data-e-type=\"widget\" data-widget_type=\"heading.default\">\n\t\t\t\t<div class=\"elementor-widget-container\">\n\t\t\t\t\t<h2 class=\"elementor-heading-title elementor-size-default\"><a href=\"https:\/\/public.joomeo.com\/albums\/6634b70334c20\"><h1 class=\"title\" style=\"font-size: 13pt;line-height: 30px;border-width: 1px;border-style: solid;border-radius: 3px;padding-bottom: 5px;padding-top: 5px;text-align: center;, Helvetica, Arial, sans-serif;font-style: normal\">concours TAE DN<\/h1><\/a><\/h2>\t\t\t\t<\/div>\n\t\t\t\t<\/div>\n\t\t\t\t<div class=\"elementor-element elementor-element-d462aa4 elementor-widget elementor-widget-image\" data-id=\"d462aa4\" data-element_type=\"widget\" data-e-type=\"widget\" data-widget_type=\"image.default\">\n\t\t\t\t<div class=\"elementor-widget-container\">\n\t\t\t\t\t\t\t\t\t\t\t\t\t\t\t\t<a href=\"https:\/\/public.joomeo.com\/albums\/6634b70334c20\" target=\"_blank\" rel=\"nofollow\">\n\t\t\t\t\t\t\t<img fetchpriority=\"high\" decoding=\"async\" width=\"206\" height=\"270\" src=\"https:\/\/photomaisonslaffitte.fr\/photo_club_ml\/wp-content\/uploads\/2024\/05\/ARC_832_24_04_29.jpeg\" class=\"attachment-medium size-medium wp-image-13030\" alt=\"\" \/>\t\t\t\t\t\t\t\t<\/a>\n\t\t\t\t\t\t\t\t\t\t\t\t\t\t\t<\/div>\n\t\t\t\t<\/div>\n\t\t\t\t\t<\/div>\n\t\t<\/div>\n\t\t\t\t\t<\/div>\n\t\t<\/section>\n\t\t\t\t<section class=\"elementor-section elementor-top-section elementor-element elementor-element-93d0290 elementor-section-boxed elementor-section-height-default elementor-section-height-default\" data-id=\"93d0290\" data-element_type=\"section\" data-e-type=\"section\">\n\t\t\t\t\t\t<div class=\"elementor-container elementor-column-gap-default\">\n\t\t\t\t\t<div class=\"elementor-column elementor-col-100 elementor-top-column elementor-element elementor-element-4a79e9c\" data-id=\"4a79e9c\" data-element_type=\"column\" data-e-type=\"column\">\n\t\t\t<div class=\"elementor-widget-wrap elementor-element-populated\">\n\t\t\t\t\t\t<section class=\"elementor-section elementor-inner-section elementor-element elementor-element-97499f6 elementor-section-boxed elementor-section-height-default elementor-section-height-default\" data-id=\"97499f6\" data-element_type=\"section\" data-e-type=\"section\">\n\t\t\t\t\t\t<div class=\"elementor-container elementor-column-gap-default\">\n\t\t\t\t\t<div class=\"elementor-column elementor-col-100 elementor-inner-column elementor-element elementor-element-1a715b1\" data-id=\"1a715b1\" data-element_type=\"column\" data-e-type=\"column\">\n\t\t\t<div class=\"elementor-widget-wrap elementor-element-populated\">\n\t\t\t\t\t\t<div class=\"elementor-element elementor-element-b725be9 elementor-widget elementor-widget-heading\" data-id=\"b725be9\" data-element_type=\"widget\" data-e-type=\"widget\" data-widget_type=\"heading.default\">\n\t\t\t\t<div class=\"elementor-widget-container\">\n\t\t\t\t\t<h2 class=\"elementor-heading-title elementor-size-default\">USML TENNIS DE TABLE<\/h2>\t\t\t\t<\/div>\n\t\t\t\t<\/div>\n\t\t\t\t\t<\/div>\n\t\t<\/div>\n\t\t\t\t\t<\/div>\n\t\t<\/section>\n\t\t\t\t\t<\/div>\n\t\t<\/div>\n\t\t\t\t\t<\/div>\n\t\t<\/section>\n\t\t\t\t<section class=\"elementor-section elementor-top-section elementor-element elementor-element-bef058e elementor-section-boxed elementor-section-height-default elementor-section-height-default\" data-id=\"bef058e\" data-element_type=\"section\" data-e-type=\"section\">\n\t\t\t\t\t\t<div class=\"elementor-container elementor-column-gap-default\">\n\t\t\t\t\t<div class=\"elementor-column elementor-col-100 elementor-top-column elementor-element elementor-element-2bad218\" data-id=\"2bad218\" data-element_type=\"column\" data-e-type=\"column\">\n\t\t\t<div class=\"elementor-widget-wrap elementor-element-populated\">\n\t\t\t\t\t\t<section class=\"elementor-section elementor-inner-section elementor-element elementor-element-669a09e elementor-section-boxed elementor-section-height-default elementor-section-height-default\" data-id=\"669a09e\" data-element_type=\"section\" data-e-type=\"section\">\n\t\t\t\t\t\t<div class=\"elementor-container elementor-column-gap-default\">\n\t\t\t\t\t<div class=\"elementor-column elementor-col-100 elementor-inner-column elementor-element elementor-element-85b959b\" data-id=\"85b959b\" data-element_type=\"column\" data-e-type=\"column\">\n\t\t\t<div class=\"elementor-widget-wrap elementor-element-populated\">\n\t\t\t\t\t\t<div class=\"elementor-element elementor-element-3e2a033 elementor-widget elementor-widget-image\" data-id=\"3e2a033\" data-element_type=\"widget\" data-e-type=\"widget\" data-widget_type=\"image.default\">\n\t\t\t\t<div class=\"elementor-widget-container\">\n\t\t\t\t\t\t\t\t\t\t\t\t<figure class=\"wp-caption\">\n\t\t\t\t\t\t\t\t\t\t\t<a href=\"https:\/\/public.joomeo.com\/albums\/656f6cb8260b7\" target=\"_blank\">\n\t\t\t\t\t\t\t<img decoding=\"async\" src=\"https:\/\/photomaisonslaffitte.fr\/photo_club_ml\/wp-content\/uploads\/elementor\/thumbs\/TENNIS-DE-TABLE-1024x1024-2-qdh6fda4dz9qx8upnkdus9tvq00g64cxw0ria4fffg.jpg\" title=\"TENNIS DE TABLE-1024&#215;1024\" alt=\"TENNIS DE TABLE-1024x1024\" loading=\"lazy\" \/>\t\t\t\t\t\t\t\t<\/a>\n\t\t\t\t\t\t\t\t\t\t\t<figcaption class=\"widget-image-caption wp-caption-text\">USML TENNIS DE TABLE 2024<\/figcaption>\n\t\t\t\t\t\t\t\t\t\t<\/figure>\n\t\t\t\t\t\t\t\t\t<\/div>\n\t\t\t\t<\/div>\n\t\t\t\t\t<\/div>\n\t\t<\/div>\n\t\t\t\t\t<\/div>\n\t\t<\/section>\n\t\t\t\t\t<\/div>\n\t\t<\/div>\n\t\t\t\t\t<\/div>\n\t\t<\/section>\n\t\t\t\t<section class=\"elementor-section elementor-top-section elementor-element elementor-element-e6d9afa elementor-section-boxed elementor-section-height-default elementor-section-height-default\" data-id=\"e6d9afa\" data-element_type=\"section\" data-e-type=\"section\">\n\t\t\t\t\t\t<div class=\"elementor-container elementor-column-gap-default\">\n\t\t\t\t\t<div class=\"elementor-column elementor-col-100 elementor-top-column elementor-element elementor-element-e8cda4f\" data-id=\"e8cda4f\" data-element_type=\"column\" data-e-type=\"column\">\n\t\t\t<div class=\"elementor-widget-wrap elementor-element-populated\">\n\t\t\t\t\t\t<section class=\"elementor-section elementor-inner-section elementor-element elementor-element-64d42cd elementor-section-boxed elementor-section-height-default elementor-section-height-default\" data-id=\"64d42cd\" data-element_type=\"section\" data-e-type=\"section\">\n\t\t\t\t\t\t<div class=\"elementor-container elementor-column-gap-default\">\n\t\t\t\t\t<div class=\"elementor-column elementor-col-100 elementor-inner-column elementor-element elementor-element-0bc61d0\" data-id=\"0bc61d0\" data-element_type=\"column\" data-e-type=\"column\">\n\t\t\t<div class=\"elementor-widget-wrap elementor-element-populated\">\n\t\t\t\t\t\t<div class=\"elementor-element elementor-element-6d89220 elementor-widget elementor-widget-heading\" data-id=\"6d89220\" data-element_type=\"widget\" data-e-type=\"widget\" data-widget_type=\"heading.default\">\n\t\t\t\t<div class=\"elementor-widget-container\">\n\t\t\t\t\t<h2 class=\"elementor-heading-title elementor-size-default\"><a href=\"https:\/\/public.joomeo.com\/albums\/671fb786f1196\" target=\"_blank\" rel=\"nofollow\">USML cyclotourisme<\/a><\/h2>\t\t\t\t<\/div>\n\t\t\t\t<\/div>\n\t\t\t\t\t<\/div>\n\t\t<\/div>\n\t\t\t\t\t<\/div>\n\t\t<\/section>\n\t\t\t\t\t<\/div>\n\t\t<\/div>\n\t\t\t\t\t<\/div>\n\t\t<\/section>\n\t\t\t\t<section class=\"elementor-section elementor-top-section elementor-element elementor-element-d3a1133 elementor-section-boxed elementor-section-height-default elementor-section-height-default\" data-id=\"d3a1133\" data-element_type=\"section\" data-e-type=\"section\">\n\t\t\t\t\t\t<div class=\"elementor-container elementor-column-gap-default\">\n\t\t\t\t\t<div class=\"elementor-column elementor-col-100 elementor-top-column elementor-element elementor-element-ccb3507\" data-id=\"ccb3507\" data-element_type=\"column\" data-e-type=\"column\">\n\t\t\t<div class=\"elementor-widget-wrap elementor-element-populated\">\n\t\t\t\t\t\t<section class=\"elementor-section elementor-inner-section elementor-element elementor-element-c0d2f5b elementor-section-boxed elementor-section-height-default elementor-section-height-default\" data-id=\"c0d2f5b\" data-element_type=\"section\" data-e-type=\"section\">\n\t\t\t\t\t\t<div class=\"elementor-container elementor-column-gap-default\">\n\t\t\t\t\t<div class=\"elementor-column elementor-col-100 elementor-inner-column elementor-element elementor-element-2996dc4\" data-id=\"2996dc4\" data-element_type=\"column\" data-e-type=\"column\">\n\t\t\t<div class=\"elementor-widget-wrap elementor-element-populated\">\n\t\t\t\t\t\t<div class=\"elementor-element elementor-element-63f7971 elementor-widget elementor-widget-image\" data-id=\"63f7971\" data-element_type=\"widget\" data-e-type=\"widget\" data-widget_type=\"image.default\">\n\t\t\t\t<div class=\"elementor-widget-container\">\n\t\t\t\t\t\t\t\t\t\t\t\t<figure class=\"wp-caption\">\n\t\t\t\t\t\t\t\t\t\t\t<a href=\"https:\/\/public.joomeo.com\/albums\/671fb786f1196\" target=\"_blank\" rel=\"nofollow\">\n\t\t\t\t\t\t\t<img decoding=\"async\" src=\"https:\/\/photomaisonslaffitte.fr\/photo_club_ml\/wp-content\/uploads\/elementor\/thumbs\/istockphoto-854733622-612x612-1-r6s1v34c6nmhfizv2cu72vt7p6nholzsikov1mbr30.jpg\" title=\"This illustration\/vector you can use for any purpose related to your business.\" alt=\"This illustration\/vector you can use for any purpose related to your business.\" loading=\"lazy\" \/>\t\t\t\t\t\t\t\t<\/a>\n\t\t\t\t\t\t\t\t\t\t\t<figcaption class=\"widget-image-caption wp-caption-text\">USML cyclo 2024<\/figcaption>\n\t\t\t\t\t\t\t\t\t\t<\/figure>\n\t\t\t\t\t\t\t\t\t<\/div>\n\t\t\t\t<\/div>\n\t\t\t\t\t<\/div>\n\t\t<\/div>\n\t\t\t\t\t<\/div>\n\t\t<\/section>\n\t\t\t\t\t<\/div>\n\t\t<\/div>\n\t\t\t\t\t<\/div>\n\t\t<\/section>\n\t\t\t\t<section class=\"elementor-section elementor-top-section elementor-element elementor-element-b3624d5 elementor-section-boxed elementor-section-height-default elementor-section-height-default\" data-id=\"b3624d5\" data-element_type=\"section\" data-e-type=\"section\">\n\t\t\t\t\t\t<div class=\"elementor-container elementor-column-gap-default\">\n\t\t\t\t\t<div class=\"elementor-column elementor-col-100 elementor-top-column elementor-element elementor-element-42005a1\" data-id=\"42005a1\" data-element_type=\"column\" data-e-type=\"column\">\n\t\t\t<div class=\"elementor-widget-wrap elementor-element-populated\">\n\t\t\t\t\t\t<div class=\"elementor-element elementor-element-026d78c elementor-widget elementor-widget-text-editor\" data-id=\"026d78c\" data-element_type=\"widget\" data-e-type=\"widget\" data-widget_type=\"text-editor.default\">\n\t\t\t\t<div class=\"elementor-widget-container\">\n\t\t\t\t\t\t\t\t\t<h2 style=\"text-align: center;\"><strong>AVERTISSEMENT<\/strong><\/h2><p style=\"text-align: center;\">Le site\u00a0 expose des photographies personnelles par les membres.<\/p><p style=\"text-align: center;\">Les photos restent leur propri\u00e9t\u00e9 et ils restent responsables des droits \u00e0 l&#8217;image de celles-ci.<\/p><p style=\"text-align: center;\">En cas d&#8217;anomalie ou si vous apparaissiez par erreur, m\u00eame si c&#8217;est un \u00e9v\u00e8nement public, merci de nous le signaler afin que nous puissions y rem\u00e9dier et retirer la photo de la galerie concern\u00e9e si ceci est justifi\u00e9. Merci dans ce cas de nous pr\u00e9ciser dans quelle mesure, vous \u00eates la personne vis\u00e9e principalement par la photo et en quoi cette photo porte atteinte \u00e0 votre image\u00a0<\/p><p style=\"text-align: center;\">mail: <span style=\"text-decoration: underline;\"><span style=\"color: #0000ff;\"><a style=\"color: #0000ff;\" href=\"mailto:pcml.photoclub@gmail.com\">pcml.photoclub@gmail.com<\/a><\/span><\/span><\/p>\t\t\t\t\t\t\t\t<\/div>\n\t\t\t\t<\/div>\n\t\t\t\t\t<\/div>\n\t\t<\/div>\n\t\t\t\t\t<\/div>\n\t\t<\/section>\n\t\t\t\t<\/div>\n\t\t","protected":false},"excerpt":{"rendered":"<p>Semaine OlympiquePiscine de Maison-Laffitteen collaboration avec l&#8217;UML Natation Semaine Olympique Compagnie d&#8217;arc de Maisons-Laffitte concours TAE DN USML TENNIS DE TABLE USML TENNIS DE TABLE 2024 USML cyclotourisme USML cyclo [&hellip;]<\/p>\n","protected":false},"author":16,"featured_media":13521,"parent":0,"menu_order":0,"comment_status":"closed","ping_status":"closed","template":"","meta":{"site-sidebar-layout":"default","site-content-layout":"","ast-site-content-layout":"default","site-content-style":"default","site-sidebar-style":"default","ast-global-header-display":"","ast-banner-title-visibility":"","ast-main-header-display":"","ast-hfb-above-header-display":"","ast-hfb-below-header-display":"","ast-hfb-mobile-header-display":"","site-post-title":"disabled","ast-breadcrumbs-content":"","ast-featured-img":"disabled","footer-sml-layout":"","ast-disable-related-posts":"","theme-transparent-header-meta":"","adv-header-id-meta":"","stick-header-meta":"","header-above-stick-meta":"","header-main-stick-meta":"","header-below-stick-meta":"","astra-migrate-meta-layouts":"set","ast-page-background-enabled":"default","ast-page-background-meta":{"desktop":{"background-color":"var(--ast-global-color-4)","background-image":"","background-repeat":"repeat","background-position":"center center","background-size":"auto","background-attachment":"scroll","background-type":"","background-media":"","overlay-type":"","overlay-color":"","overlay-opacity":"","overlay-gradient":""},"tablet":{"background-color":"","background-image":"","background-repeat":"repeat","background-position":"center center","background-size":"auto","background-attachment":"scroll","background-type":"","background-media":"","overlay-type":"","overlay-color":"","overlay-opacity":"","overlay-gradient":""},"mobile":{"background-color":"","background-image":"","background-repeat":"repeat","background-position":"center center","background-size":"auto","background-attachment":"scroll","background-type":"","background-media":"","overlay-type":"","overlay-color":"","overlay-opacity":"","overlay-gradient":""}},"ast-content-background-meta":{"desktop":{"background-color":"var(--ast-global-color-5)","background-image":"","background-repeat":"repeat","background-position":"center center","background-size":"auto","background-attachment":"scroll","background-type":"","background-media":"","overlay-type":"","overlay-color":"","overlay-opacity":"","overlay-gradient":""},"tablet":{"background-color":"var(--ast-global-color-5)","background-image":"","background-repeat":"repeat","background-position":"center center","background-size":"auto","background-attachment":"scroll","background-type":"","background-media":"","overlay-type":"","overlay-color":"","overlay-opacity":"","overlay-gradient":""},"mobile":{"background-color":"var(--ast-global-color-5)","background-image":"","background-repeat":"repeat","background-position":"center center","background-size":"auto","background-attachment":"scroll","background-type":"","background-media":"","overlay-type":"","overlay-color":"","overlay-opacity":"","overlay-gradient":""}},"_price":"","_stock":"","_tribe_ticket_header":"","_tribe_default_ticket_provider":"","_tribe_ticket_capacity":"0","_ticket_start_date":"","_ticket_end_date":"","_tribe_ticket_show_description":"","_tribe_ticket_show_not_going":false,"_tribe_ticket_use_global_stock":"","_tribe_ticket_global_stock_level":"","_global_stock_mode":"","_global_stock_cap":"","_tribe_rsvp_for_event":"","_tribe_ticket_going_count":"","_tribe_ticket_not_going_count":"","_tribe_tickets_list":"[]","_tribe_ticket_has_attendee_info_fields":false,"footnotes":""},"categories":[33,46],"tags":[],"class_list":["post-13619","page","type-page","status-publish","has-post-thumbnail","hentry","category-actualites","category-vie-du-club"],"_links":{"self":[{"href":"https:\/\/photomaisonslaffitte.fr\/photo_club_ml\/wp-json\/wp\/v2\/pages\/13619","targetHints":{"allow":["GET"]}}],"collection":[{"href":"https:\/\/photomaisonslaffitte.fr\/photo_club_ml\/wp-json\/wp\/v2\/pages"}],"about":[{"href":"https:\/\/photomaisonslaffitte.fr\/photo_club_ml\/wp-json\/wp\/v2\/types\/page"}],"author":[{"embeddable":true,"href":"https:\/\/photomaisonslaffitte.fr\/photo_club_ml\/wp-json\/wp\/v2\/users\/16"}],"replies":[{"embeddable":true,"href":"https:\/\/photomaisonslaffitte.fr\/photo_club_ml\/wp-json\/wp\/v2\/comments?post=13619"}],"version-history":[{"count":0,"href":"https:\/\/photomaisonslaffitte.fr\/photo_club_ml\/wp-json\/wp\/v2\/pages\/13619\/revisions"}],"wp:featuredmedia":[{"embeddable":true,"href":"https:\/\/photomaisonslaffitte.fr\/photo_club_ml\/wp-json\/wp\/v2\/media\/13521"}],"wp:attachment":[{"href":"https:\/\/photomaisonslaffitte.fr\/photo_club_ml\/wp-json\/wp\/v2\/media?parent=13619"}],"wp:term":[{"taxonomy":"category","embeddable":true,"href":"https:\/\/photomaisonslaffitte.fr\/photo_club_ml\/wp-json\/wp\/v2\/categories?post=13619"},{"taxonomy":"post_tag","embeddable":true,"href":"https:\/\/photomaisonslaffitte.fr\/photo_club_ml\/wp-json\/wp\/v2\/tags?post=13619"}],"curies":[{"name":"wp","href":"https:\/\/api.w.org\/{rel}","templated":true}]}}