{"id":166,"date":"2016-07-15T00:38:26","date_gmt":"2016-07-14T22:38:26","guid":{"rendered":"http:\/\/photomaisonslaffitte.fr\/photo_club_ml\/?page_id=166"},"modified":"2025-05-14T22:45:20","modified_gmt":"2025-05-14T20:45:20","slug":"inscription","status":"publish","type":"page","link":"https:\/\/photomaisonslaffitte.fr\/photo_club_ml\/inscription\/","title":{"rendered":"Inscription"},"content":{"rendered":"\t\t<div data-elementor-type=\"wp-post\" data-elementor-id=\"166\" class=\"elementor elementor-166\">\n\t\t\t\t\t\t<section class=\"elementor-section elementor-top-section elementor-element elementor-element-3719bba6 elementor-section-boxed elementor-section-height-default elementor-section-height-default\" data-id=\"3719bba6\" data-element_type=\"section\" data-e-type=\"section\">\n\t\t\t\t\t\t<div class=\"elementor-container elementor-column-gap-default\">\n\t\t\t\t\t<div class=\"elementor-column elementor-col-100 elementor-top-column elementor-element elementor-element-2278eae7\" data-id=\"2278eae7\" data-element_type=\"column\" data-e-type=\"column\">\n\t\t\t<div class=\"elementor-widget-wrap elementor-element-populated\">\n\t\t\t\t\t\t<div class=\"elementor-element elementor-element-cc02f4d elementor-widget elementor-widget-image\" data-id=\"cc02f4d\" data-element_type=\"widget\" data-e-type=\"widget\" data-widget_type=\"image.default\">\n\t\t\t\t<div class=\"elementor-widget-container\">\n\t\t\t\t\t\t\t\t\t\t\t\t\t\t\t<img fetchpriority=\"high\" decoding=\"async\" width=\"721\" height=\"1080\" src=\"https:\/\/photomaisonslaffitte.fr\/photo_club_ml\/wp-content\/uploads\/2019\/03\/MIC_1443.jpg\" class=\"attachment-medium_large size-medium_large wp-image-3338\" alt=\"\" srcset=\"https:\/\/photomaisonslaffitte.fr\/photo_club_ml\/wp-content\/uploads\/2019\/03\/MIC_1443.jpg 721w, https:\/\/photomaisonslaffitte.fr\/photo_club_ml\/wp-content\/uploads\/2019\/03\/MIC_1443-200x300.jpg 200w, https:\/\/photomaisonslaffitte.fr\/photo_club_ml\/wp-content\/uploads\/2019\/03\/MIC_1443-684x1024.jpg 684w, https:\/\/photomaisonslaffitte.fr\/photo_club_ml\/wp-content\/uploads\/2019\/03\/MIC_1443-720x1079.jpg 720w, https:\/\/photomaisonslaffitte.fr\/photo_club_ml\/wp-content\/uploads\/2019\/03\/MIC_1443-480x719.jpg 480w, https:\/\/photomaisonslaffitte.fr\/photo_club_ml\/wp-content\/uploads\/2019\/03\/MIC_1443-320x479.jpg 320w, https:\/\/photomaisonslaffitte.fr\/photo_club_ml\/wp-content\/uploads\/2019\/03\/MIC_1443-128x192.jpg 128w\" sizes=\"(max-width: 721px) 100vw, 721px\" \/>\t\t\t\t\t\t\t\t\t\t\t\t\t\t\t<\/div>\n\t\t\t\t<\/div>\n\t\t\t\t\t<\/div>\n\t\t<\/div>\n\t\t\t\t\t<\/div>\n\t\t<\/section>\n\t\t\t\t<section class=\"elementor-section elementor-top-section elementor-element elementor-element-7a238bf elementor-section-boxed elementor-section-height-default elementor-section-height-default\" data-id=\"7a238bf\" data-element_type=\"section\" data-e-type=\"section\">\n\t\t\t\t\t\t<div class=\"elementor-container elementor-column-gap-default\">\n\t\t\t\t\t<div class=\"elementor-column elementor-col-100 elementor-top-column elementor-element elementor-element-057dd72\" data-id=\"057dd72\" data-element_type=\"column\" data-e-type=\"column\">\n\t\t\t<div class=\"elementor-widget-wrap elementor-element-populated\">\n\t\t\t\t\t\t<div class=\"elementor-element elementor-element-b8601ac elementor-widget__width-initial elementor-widget elementor-widget-text-editor\" data-id=\"b8601ac\" data-element_type=\"widget\" data-e-type=\"widget\" data-widget_type=\"text-editor.default\">\n\t\t\t\t<div class=\"elementor-widget-container\">\n\t\t\t\t\t\t\t\t\t<h4 style=\"text-align: center;\">Nous rejoindre<\/h4><p style=\"text-align: center;\"><strong>Cotisations ann\u00e9e scolaire<\/strong><\/p><ul><li style=\"text-align: center;\">TARIF ANNUEL (cotisation<a href=\"https:\/\/www.usml.fr\/\" target=\"_blank\" rel=\"noopener\"> USML<\/a> incluse):\u00a0<span style=\"font-style: inherit; font-weight: inherit; background-color: var(--ast-global-color-5);\">transmis sur simple demande<\/span><\/li><li style=\"text-align: center;\">Tarif et Droit d\u2019entr\u00e9e pour une premi\u00e8re inscription \u00e0 l\u2019USML:\u00a0<span style=\"font-style: inherit; font-weight: inherit; background-color: var(--ast-global-color-5);\">voir site<\/span><a style=\"font-style: inherit; font-weight: inherit;\" href=\"https:\/\/www.usml.fr\/\" target=\"_blank\" rel=\"noopener\"> USML<\/a><\/li><\/ul><p style=\"text-align: center;\">\u00a0<\/p>\t\t\t\t\t\t\t\t<\/div>\n\t\t\t\t<\/div>\n\t\t\t\t<div class=\"elementor-element elementor-element-5667cc2 elementor-widget__width-initial elementor-widget elementor-widget-image\" data-id=\"5667cc2\" data-element_type=\"widget\" data-e-type=\"widget\" data-widget_type=\"image.default\">\n\t\t\t\t<div class=\"elementor-widget-container\">\n\t\t\t\t\t\t\t\t\t\t\t\t<figure class=\"wp-caption\">\n\t\t\t\t\t\t\t\t\t\t\t<a href=\"https:\/\/www.usml.fr\/\" target=\"_blank\">\n\t\t\t\t\t\t\t<img decoding=\"async\" width=\"341\" height=\"120\" src=\"https:\/\/photomaisonslaffitte.fr\/photo_club_ml\/wp-content\/uploads\/2024\/02\/logo-usml.png\" class=\"attachment-gg_gallery_thumbnail size-gg_gallery_thumbnail wp-image-12793\" alt=\"\" srcset=\"https:\/\/photomaisonslaffitte.fr\/photo_club_ml\/wp-content\/uploads\/2024\/02\/logo-usml.png 341w, https:\/\/photomaisonslaffitte.fr\/photo_club_ml\/wp-content\/uploads\/2024\/02\/logo-usml-300x106.png 300w\" sizes=\"(max-width: 341px) 100vw, 341px\" \/>\t\t\t\t\t\t\t\t<\/a>\n\t\t\t\t\t\t\t\t\t\t\t<figcaption class=\"widget-image-caption wp-caption-text\"><\/figcaption>\n\t\t\t\t\t\t\t\t\t\t<\/figure>\n\t\t\t\t\t\t\t\t\t<\/div>\n\t\t\t\t<\/div>\n\t\t\t\t\t<\/div>\n\t\t<\/div>\n\t\t\t\t\t<\/div>\n\t\t<\/section>\n\t\t\t\t<section class=\"elementor-section elementor-top-section elementor-element elementor-element-4c35e7c elementor-section-boxed elementor-section-height-default elementor-section-height-default\" data-id=\"4c35e7c\" data-element_type=\"section\" data-e-type=\"section\">\n\t\t\t\t\t\t<div class=\"elementor-container elementor-column-gap-default\">\n\t\t\t\t\t<div class=\"elementor-column elementor-col-100 elementor-top-column elementor-element elementor-element-af56d3c\" data-id=\"af56d3c\" data-element_type=\"column\" data-e-type=\"column\">\n\t\t\t<div class=\"elementor-widget-wrap elementor-element-populated\">\n\t\t\t\t\t\t<div class=\"elementor-element elementor-element-7804006 elementor-widget elementor-widget-text-editor\" data-id=\"7804006\" data-element_type=\"widget\" data-e-type=\"widget\" data-widget_type=\"text-editor.default\">\n\t\t\t\t<div class=\"elementor-widget-container\">\n\t\t\t\t\t\t\t\t\t<h4><strong style=\"font-size: 15px; font-style: inherit; text-align: justify; color: #0c0c0c; background-color: var(--ast-global-color-5);\">&nbsp;<\/strong><\/h4>\n<h4><strong style=\"font-size: 15px; font-style: inherit; text-align: justify; color: #0c0c0c; background-color: var(--ast-global-color-5);\">Comment nous rejoindre ?<\/strong><\/h4>\n<ul>\n<li><strong>Lors du forum des associations de Maisons Laffitte stand USML d\u00e9but septembre&nbsp;<\/strong><\/li>\n<li><strong>Nous \u00e9crire :&nbsp;<\/strong>Contact photoclub:&nbsp;<span style=\"font-style: inherit; font-weight: inherit; background-color: var(--ast-global-color-5); color: #3366ff;\"><a style=\"color: #3366ff;\" href=\"mailto:pcml.photoclub@gmail.com\">pcml.photoclub@gmail.com<\/a><\/span><span style=\"font-style: inherit; font-weight: inherit; background-color: var(--ast-global-color-5);\">&nbsp;<\/span><\/li>\n<\/ul>\n<p>Vous pouvez aussi nous contacter via le <span style=\"color: #3366ff;\"><a style=\"color: #3366ff;\" href=\"https:\/\/photomaisonslaffitte.fr\/photo_club_ml\/contact\/\"><strong>formulaire de contact<\/strong><\/a><\/span><\/p>\t\t\t\t\t\t\t\t<\/div>\n\t\t\t\t<\/div>\n\t\t\t\t\t<\/div>\n\t\t<\/div>\n\t\t\t\t\t<\/div>\n\t\t<\/section>\n\t\t\t\t<\/div>\n\t\t","protected":false},"excerpt":{"rendered":"<p>Nous rejoindre Cotisations ann\u00e9e scolaire TARIF ANNUEL (cotisation USML incluse):\u00a0transmis sur simple demande Tarif et Droit d\u2019entr\u00e9e pour une premi\u00e8re inscription \u00e0 l\u2019USML:\u00a0voir site USML \u00a0 &nbsp; Comment nous rejoindre [&hellip;]<\/p>\n","protected":false},"author":1,"featured_media":0,"parent":0,"menu_order":5,"comment_status":"closed","ping_status":"closed","template":"","meta":{"site-sidebar-layout":"default","site-content-layout":"","ast-site-content-layout":"default","site-content-style":"default","site-sidebar-style":"default","ast-global-header-display":"","ast-banner-title-visibility":"","ast-main-header-display":"","ast-hfb-above-header-display":"","ast-hfb-below-header-display":"","ast-hfb-mobile-header-display":"","site-post-title":"disabled","ast-breadcrumbs-content":"","ast-featured-img":"disabled","footer-sml-layout":"","ast-disable-related-posts":"","theme-transparent-header-meta":"","adv-header-id-meta":"","stick-header-meta":"","header-above-stick-meta":"","header-main-stick-meta":"","header-below-stick-meta":"","astra-migrate-meta-layouts":"set","ast-page-background-enabled":"default","ast-page-background-meta":{"desktop":{"background-color":"var(--ast-global-color-4)","background-image":"","background-repeat":"repeat","background-position":"center center","background-size":"auto","background-attachment":"scroll","background-type":"","background-media":"","overlay-type":"","overlay-color":"","overlay-opacity":"","overlay-gradient":""},"tablet":{"background-color":"","background-image":"","background-repeat":"repeat","background-position":"center center","background-size":"auto","background-attachment":"scroll","background-type":"","background-media":"","overlay-type":"","overlay-color":"","overlay-opacity":"","overlay-gradient":""},"mobile":{"background-color":"","background-image":"","background-repeat":"repeat","background-position":"center center","background-size":"auto","background-attachment":"scroll","background-type":"","background-media":"","overlay-type":"","overlay-color":"","overlay-opacity":"","overlay-gradient":""}},"ast-content-background-meta":{"desktop":{"background-color":"var(--ast-global-color-5)","background-image":"","background-repeat":"repeat","background-position":"center center","background-size":"auto","background-attachment":"scroll","background-type":"","background-media":"","overlay-type":"","overlay-color":"","overlay-opacity":"","overlay-gradient":""},"tablet":{"background-color":"var(--ast-global-color-5)","background-image":"","background-repeat":"repeat","background-position":"center center","background-size":"auto","background-attachment":"scroll","background-type":"","background-media":"","overlay-type":"","overlay-color":"","overlay-opacity":"","overlay-gradient":""},"mobile":{"background-color":"var(--ast-global-color-5)","background-image":"","background-repeat":"repeat","background-position":"center center","background-size":"auto","background-attachment":"scroll","background-type":"","background-media":"","overlay-type":"","overlay-color":"","overlay-opacity":"","overlay-gradient":""}},"_price":"","_stock":"","_tribe_ticket_header":"","_tribe_default_ticket_provider":"","_tribe_ticket_capacity":"0","_ticket_start_date":"","_ticket_end_date":"","_tribe_ticket_show_description":"","_tribe_ticket_show_not_going":false,"_tribe_ticket_use_global_stock":"","_tribe_ticket_global_stock_level":"","_global_stock_mode":"","_global_stock_cap":"","_tribe_rsvp_for_event":"","_tribe_ticket_going_count":"","_tribe_ticket_not_going_count":"","_tribe_tickets_list":"[]","_tribe_ticket_has_attendee_info_fields":false,"footnotes":""},"categories":[],"tags":[],"class_list":["post-166","page","type-page","status-publish","hentry"],"_links":{"self":[{"href":"https:\/\/photomaisonslaffitte.fr\/photo_club_ml\/wp-json\/wp\/v2\/pages\/166","targetHints":{"allow":["GET"]}}],"collection":[{"href":"https:\/\/photomaisonslaffitte.fr\/photo_club_ml\/wp-json\/wp\/v2\/pages"}],"about":[{"href":"https:\/\/photomaisonslaffitte.fr\/photo_club_ml\/wp-json\/wp\/v2\/types\/page"}],"author":[{"embeddable":true,"href":"https:\/\/photomaisonslaffitte.fr\/photo_club_ml\/wp-json\/wp\/v2\/users\/1"}],"replies":[{"embeddable":true,"href":"https:\/\/photomaisonslaffitte.fr\/photo_club_ml\/wp-json\/wp\/v2\/comments?post=166"}],"version-history":[{"count":0,"href":"https:\/\/photomaisonslaffitte.fr\/photo_club_ml\/wp-json\/wp\/v2\/pages\/166\/revisions"}],"wp:attachment":[{"href":"https:\/\/photomaisonslaffitte.fr\/photo_club_ml\/wp-json\/wp\/v2\/media?parent=166"}],"wp:term":[{"taxonomy":"category","embeddable":true,"href":"https:\/\/photomaisonslaffitte.fr\/photo_club_ml\/wp-json\/wp\/v2\/categories?post=166"},{"taxonomy":"post_tag","embeddable":true,"href":"https:\/\/photomaisonslaffitte.fr\/photo_club_ml\/wp-json\/wp\/v2\/tags?post=166"}],"curies":[{"name":"wp","href":"https:\/\/api.w.org\/{rel}","templated":true}]}}