{"id":24,"date":"2016-07-12T00:23:22","date_gmt":"2016-07-11T22:23:22","guid":{"rendered":"http:\/\/photomaisonslaffitte.fr\/photo_club_ml\/activites-du-site\/"},"modified":"2024-01-13T00:06:59","modified_gmt":"2024-01-12T23:06:59","slug":"activites-du-site","status":"publish","type":"page","link":"https:\/\/photomaisonslaffitte.fr\/photo_club_ml\/activites-du-site\/","title":{"rendered":"Programme"},"content":{"rendered":"\t\t<div data-elementor-type=\"wp-post\" data-elementor-id=\"24\" class=\"elementor elementor-24\">\n\t\t\t\t\t\t<section class=\"elementor-section elementor-top-section elementor-element elementor-element-7802b18b elementor-section-boxed elementor-section-height-default elementor-section-height-default\" data-id=\"7802b18b\" data-element_type=\"section\" data-e-type=\"section\">\n\t\t\t\t\t\t<div class=\"elementor-container elementor-column-gap-default\">\n\t\t\t\t\t<div class=\"elementor-column elementor-col-100 elementor-top-column elementor-element elementor-element-6d273ec\" data-id=\"6d273ec\" data-element_type=\"column\" data-e-type=\"column\">\n\t\t\t<div class=\"elementor-widget-wrap elementor-element-populated\">\n\t\t\t\t\t\t<div class=\"elementor-element elementor-element-7ae638a8 elementor-widget elementor-widget-text-editor\" data-id=\"7ae638a8\" data-element_type=\"widget\" data-e-type=\"widget\" data-widget_type=\"text-editor.default\">\n\t\t\t\t<div class=\"elementor-widget-container\">\n\t\t\t\t\t\t\t\t\t<h4>PROGRAMME<\/h4>\n<p style=\"text-align: justify;\"><strong>Cours :<br><\/strong><\/p>\n<ul style=\"text-align: justify;\">\n<li>&nbsp;Initiation gratuite au tirage noir et blanc<\/li>\n<li>&nbsp;En d\u00e9but de saison, initiation photo : prise de vue, utilisation de l\u2019appareil photo\u2026<\/li>\n<li>&nbsp;Initiation au labo num\u00e9rique<\/li>\n<li>&nbsp;Initiation et perfectionnement \u00e0 la prise de vue (studio et ext\u00e9rieur)<\/li>\n<\/ul>\n<p style=\"text-align: justify;\"><strong>Labo :<\/strong><\/p>\n<ul style=\"text-align: justify;\">\n<li>Le Club met \u00e0 la disposition de ses membres un labo argentique en libre service pour effectuer des tirages en noir et blanc. Nous disposons \u00e9galement d\u2019une imprimante num\u00e9rique permettant d\u2019effectuer des tirages papier en format A4, A3, A3+ jusqu\u2019au format A2<\/li>\n<\/ul>\n<p style=\"text-align: justify;\"><strong>Concours et expos :<\/strong><\/p>\n<ul style=\"text-align: justify;\">\n<li>Participation \u00e0 de nombreux concours nationaux<\/li>\n<li>Expositions&nbsp;au cin\u00e9ma L\u2019ATALANTE<\/li>\n<li>BIENNALE de Photographie de Maisons-Laffitte \u00e0 la Vieille Eglise<\/li>\n<li>Exposition au centre G Brassens &#8220;Regards Multiples&#8221; tous les deux ans<\/li>\n<li>Autres expositions selon les opportunit\u00e9s<\/li>\n<\/ul>\n<p style=\"text-align: justify;\"><strong>Sorties et s\u00e9ances studio :<\/strong><\/p>\n<ul style=\"text-align: justify;\">\n<li>Sorties photographiques \u00e0 th\u00e8mes (serre aux papillons, passages et galeries \u00e0 Paris, photos de&nbsp;nuit en bord de Seine\u2026 ou li\u00e9es \u00e0 l&#8217;activit\u00e9 des ateliers photos)<\/li>\n<li>S\u00e9ances studio&nbsp;du lundi au dimanche selon planning de r\u00e9servation<\/li>\n<\/ul>\n<h5 style=\"text-align: center;\"><br><\/h5>\n<p style=\"text-align: justify;\"><em><strong>Le Club est <\/strong><\/em><em><strong>ouvert \u00e0 toutes le<\/strong><\/em><em><strong>s suggestions !<\/strong><\/em><\/p>\t\t\t\t\t\t\t\t<\/div>\n\t\t\t\t<\/div>\n\t\t\t\t\t<\/div>\n\t\t<\/div>\n\t\t\t\t\t<\/div>\n\t\t<\/section>\n\t\t\t\t<section class=\"elementor-section elementor-top-section elementor-element elementor-element-5333d84 elementor-section-boxed elementor-section-height-default elementor-section-height-default\" data-id=\"5333d84\" data-element_type=\"section\" data-e-type=\"section\">\n\t\t\t\t\t\t<div class=\"elementor-container elementor-column-gap-default\">\n\t\t\t\t\t<div class=\"elementor-column elementor-col-100 elementor-top-column elementor-element elementor-element-a0fdf1f\" data-id=\"a0fdf1f\" data-element_type=\"column\" data-e-type=\"column\">\n\t\t\t<div class=\"elementor-widget-wrap elementor-element-populated\">\n\t\t\t\t\t\t<div class=\"elementor-element elementor-element-3ae67e3 elementor-widget elementor-widget-heading\" data-id=\"3ae67e3\" data-element_type=\"widget\" data-e-type=\"widget\" data-widget_type=\"heading.default\">\n\t\t\t\t<div class=\"elementor-widget-container\">\n\t\t\t\t\t<h4 class=\"elementor-heading-title elementor-size-default\">On vous attend<\/h4>\t\t\t\t<\/div>\n\t\t\t\t<\/div>\n\t\t\t\t<div class=\"elementor-element elementor-element-ccc4040 elementor-widget elementor-widget-image\" data-id=\"ccc4040\" data-element_type=\"widget\" data-e-type=\"widget\" data-widget_type=\"image.default\">\n\t\t\t\t<div class=\"elementor-widget-container\">\n\t\t\t\t\t\t\t\t\t\t\t\t<figure class=\"wp-caption\">\n\t\t\t\t\t\t\t\t\t\t<img fetchpriority=\"high\" decoding=\"async\" width=\"1024\" height=\"576\" src=\"https:\/\/photomaisonslaffitte.fr\/photo_club_ml\/wp-content\/uploads\/2024\/01\/DSC_4445_Nik_DxO2-1024x576.jpg\" class=\"attachment-large size-large wp-image-12605\" alt=\"\" srcset=\"https:\/\/photomaisonslaffitte.fr\/photo_club_ml\/wp-content\/uploads\/2024\/01\/DSC_4445_Nik_DxO2-1024x576.jpg 1024w, https:\/\/photomaisonslaffitte.fr\/photo_club_ml\/wp-content\/uploads\/2024\/01\/DSC_4445_Nik_DxO2-300x169.jpg 300w, https:\/\/photomaisonslaffitte.fr\/photo_club_ml\/wp-content\/uploads\/2024\/01\/DSC_4445_Nik_DxO2-768x432.jpg 768w, https:\/\/photomaisonslaffitte.fr\/photo_club_ml\/wp-content\/uploads\/2024\/01\/DSC_4445_Nik_DxO2-1536x864.jpg 1536w, https:\/\/photomaisonslaffitte.fr\/photo_club_ml\/wp-content\/uploads\/2024\/01\/DSC_4445_Nik_DxO2.jpg 1754w\" sizes=\"(max-width: 1024px) 100vw, 1024px\" \/>\t\t\t\t\t\t\t\t\t\t\t<figcaption class=\"widget-image-caption wp-caption-text\">cr\u00e9dit photo: Cathy Brault et Gilles Fossier<\/figcaption>\n\t\t\t\t\t\t\t\t\t\t<\/figure>\n\t\t\t\t\t\t\t\t\t<\/div>\n\t\t\t\t<\/div>\n\t\t\t\t<section class=\"elementor-section elementor-inner-section elementor-element elementor-element-9bc9e26 elementor-section-boxed elementor-section-height-default elementor-section-height-default\" data-id=\"9bc9e26\" data-element_type=\"section\" data-e-type=\"section\">\n\t\t\t\t\t\t<div class=\"elementor-container elementor-column-gap-default\">\n\t\t\t\t\t<div class=\"elementor-column elementor-col-100 elementor-inner-column elementor-element elementor-element-6604a4e\" data-id=\"6604a4e\" data-element_type=\"column\" data-e-type=\"column\">\n\t\t\t<div class=\"elementor-widget-wrap\">\n\t\t\t\t\t\t\t<\/div>\n\t\t<\/div>\n\t\t\t\t\t<\/div>\n\t\t<\/section>\n\t\t\t\t\t<\/div>\n\t\t<\/div>\n\t\t\t\t\t<\/div>\n\t\t<\/section>\n\t\t\t\t<section class=\"elementor-section elementor-top-section elementor-element elementor-element-16d98db elementor-section-boxed elementor-section-height-default elementor-section-height-default\" data-id=\"16d98db\" data-element_type=\"section\" data-e-type=\"section\">\n\t\t\t\t\t\t<div class=\"elementor-container elementor-column-gap-default\">\n\t\t\t\t\t<div class=\"elementor-column elementor-col-100 elementor-top-column elementor-element elementor-element-0e09653\" data-id=\"0e09653\" data-element_type=\"column\" data-e-type=\"column\">\n\t\t\t<div class=\"elementor-widget-wrap elementor-element-populated\">\n\t\t\t\t\t\t<div class=\"elementor-element elementor-element-dd61578 elementor-align-center elementor-widget elementor-widget-button\" data-id=\"dd61578\" data-element_type=\"widget\" data-e-type=\"widget\" data-widget_type=\"button.default\">\n\t\t\t\t<div class=\"elementor-widget-container\">\n\t\t\t\t\t\t\t\t\t<div class=\"elementor-button-wrapper\">\n\t\t\t\t\t<a class=\"elementor-button elementor-button-link elementor-size-md\" href=\"https:\/\/photomaisonslaffitte.fr\/photo_club_ml\/contact\/\">\n\t\t\t\t\t\t<span class=\"elementor-button-content-wrapper\">\n\t\t\t\t\t\t\t\t\t<span class=\"elementor-button-text\">NOUS REJOINDRE<\/span>\n\t\t\t\t\t<\/span>\n\t\t\t\t\t<\/a>\n\t\t\t\t<\/div>\n\t\t\t\t\t\t\t\t<\/div>\n\t\t\t\t<\/div>\n\t\t\t\t\t<\/div>\n\t\t<\/div>\n\t\t\t\t\t<\/div>\n\t\t<\/section>\n\t\t\t\t<\/div>\n\t\t","protected":false},"excerpt":{"rendered":"<p>PROGRAMME Cours : &nbsp;Initiation gratuite au tirage noir et blanc &nbsp;En d\u00e9but de saison, initiation photo : prise de vue, utilisation de l\u2019appareil photo\u2026 &nbsp;Initiation au labo num\u00e9rique &nbsp;Initiation et [&hellip;]<\/p>\n","protected":false},"author":1,"featured_media":0,"parent":0,"menu_order":4,"comment_status":"closed","ping_status":"closed","template":"","meta":{"site-sidebar-layout":"default","site-content-layout":"","ast-site-content-layout":"default","site-content-style":"default","site-sidebar-style":"default","ast-global-header-display":"","ast-banner-title-visibility":"","ast-main-header-display":"","ast-hfb-above-header-display":"","ast-hfb-below-header-display":"","ast-hfb-mobile-header-display":"","site-post-title":"disabled","ast-breadcrumbs-content":"","ast-featured-img":"disabled","footer-sml-layout":"","ast-disable-related-posts":"","theme-transparent-header-meta":"","adv-header-id-meta":"","stick-header-meta":"","header-above-stick-meta":"","header-main-stick-meta":"","header-below-stick-meta":"","astra-migrate-meta-layouts":"set","ast-page-background-enabled":"default","ast-page-background-meta":{"desktop":{"background-color":"var(--ast-global-color-4)","background-image":"","background-repeat":"repeat","background-position":"center center","background-size":"auto","background-attachment":"scroll","background-type":"","background-media":"","overlay-type":"","overlay-color":"","overlay-opacity":"","overlay-gradient":""},"tablet":{"background-color":"","background-image":"","background-repeat":"repeat","background-position":"center center","background-size":"auto","background-attachment":"scroll","background-type":"","background-media":"","overlay-type":"","overlay-color":"","overlay-opacity":"","overlay-gradient":""},"mobile":{"background-color":"","background-image":"","background-repeat":"repeat","background-position":"center center","background-size":"auto","background-attachment":"scroll","background-type":"","background-media":"","overlay-type":"","overlay-color":"","overlay-opacity":"","overlay-gradient":""}},"ast-content-background-meta":{"desktop":{"background-color":"var(--ast-global-color-5)","background-image":"","background-repeat":"repeat","background-position":"center center","background-size":"auto","background-attachment":"scroll","background-type":"","background-media":"","overlay-type":"","overlay-color":"","overlay-opacity":"","overlay-gradient":""},"tablet":{"background-color":"var(--ast-global-color-5)","background-image":"","background-repeat":"repeat","background-position":"center center","background-size":"auto","background-attachment":"scroll","background-type":"","background-media":"","overlay-type":"","overlay-color":"","overlay-opacity":"","overlay-gradient":""},"mobile":{"background-color":"var(--ast-global-color-5)","background-image":"","background-repeat":"repeat","background-position":"center center","background-size":"auto","background-attachment":"scroll","background-type":"","background-media":"","overlay-type":"","overlay-color":"","overlay-opacity":"","overlay-gradient":""}},"_price":"","_stock":"","_tribe_ticket_header":"","_tribe_default_ticket_provider":"","_tribe_ticket_capacity":"0","_ticket_start_date":"","_ticket_end_date":"","_tribe_ticket_show_description":"","_tribe_ticket_show_not_going":false,"_tribe_ticket_use_global_stock":"","_tribe_ticket_global_stock_level":"","_global_stock_mode":"","_global_stock_cap":"","_tribe_rsvp_for_event":"","_tribe_ticket_going_count":"","_tribe_ticket_not_going_count":"","_tribe_tickets_list":"[]","_tribe_ticket_has_attendee_info_fields":false,"footnotes":""},"categories":[],"tags":[],"class_list":["post-24","page","type-page","status-publish","hentry"],"_links":{"self":[{"href":"https:\/\/photomaisonslaffitte.fr\/photo_club_ml\/wp-json\/wp\/v2\/pages\/24","targetHints":{"allow":["GET"]}}],"collection":[{"href":"https:\/\/photomaisonslaffitte.fr\/photo_club_ml\/wp-json\/wp\/v2\/pages"}],"about":[{"href":"https:\/\/photomaisonslaffitte.fr\/photo_club_ml\/wp-json\/wp\/v2\/types\/page"}],"author":[{"embeddable":true,"href":"https:\/\/photomaisonslaffitte.fr\/photo_club_ml\/wp-json\/wp\/v2\/users\/1"}],"replies":[{"embeddable":true,"href":"https:\/\/photomaisonslaffitte.fr\/photo_club_ml\/wp-json\/wp\/v2\/comments?post=24"}],"version-history":[{"count":0,"href":"https:\/\/photomaisonslaffitte.fr\/photo_club_ml\/wp-json\/wp\/v2\/pages\/24\/revisions"}],"wp:attachment":[{"href":"https:\/\/photomaisonslaffitte.fr\/photo_club_ml\/wp-json\/wp\/v2\/media?parent=24"}],"wp:term":[{"taxonomy":"category","embeddable":true,"href":"https:\/\/photomaisonslaffitte.fr\/photo_club_ml\/wp-json\/wp\/v2\/categories?post=24"},{"taxonomy":"post_tag","embeddable":true,"href":"https:\/\/photomaisonslaffitte.fr\/photo_club_ml\/wp-json\/wp\/v2\/tags?post=24"}],"curies":[{"name":"wp","href":"https:\/\/api.w.org\/{rel}","templated":true}]}}