{"id":294,"date":"2016-07-17T10:38:02","date_gmt":"2016-07-17T08:38:02","guid":{"rendered":"http:\/\/photomaisonslaffitte.fr\/photo_club_ml\/?page_id=294"},"modified":"2025-05-14T22:28:04","modified_gmt":"2025-05-14T20:28:04","slug":"nous-connaitre","status":"publish","type":"page","link":"https:\/\/photomaisonslaffitte.fr\/photo_club_ml\/nous-connaitre\/","title":{"rendered":"Nous conna\u00eetre"},"content":{"rendered":"\t\t<div data-elementor-type=\"wp-page\" data-elementor-id=\"294\" class=\"elementor elementor-294\">\n\t\t\t\t\t\t<section class=\"elementor-section elementor-top-section elementor-element elementor-element-4be4072 elementor-section-boxed elementor-section-height-default elementor-section-height-default\" data-id=\"4be4072\" data-element_type=\"section\" data-e-type=\"section\">\n\t\t\t\t\t\t<div class=\"elementor-container elementor-column-gap-default\">\n\t\t\t\t\t<div class=\"elementor-column elementor-col-100 elementor-top-column elementor-element elementor-element-2795409\" data-id=\"2795409\" data-element_type=\"column\" data-e-type=\"column\">\n\t\t\t<div class=\"elementor-widget-wrap elementor-element-populated\">\n\t\t\t\t\t\t<div class=\"elementor-element elementor-element-54acf1a elementor-widget elementor-widget-heading\" data-id=\"54acf1a\" data-element_type=\"widget\" data-e-type=\"widget\" data-widget_type=\"heading.default\">\n\t\t\t\t<div class=\"elementor-widget-container\">\n\t\t\t\t\t<h2 class=\"elementor-heading-title elementor-size-default\">Nous conna\u00eetre<\/h2>\t\t\t\t<\/div>\n\t\t\t\t<\/div>\n\t\t\t\t<div class=\"elementor-element elementor-element-b12423e elementor-widget elementor-widget-image\" data-id=\"b12423e\" data-element_type=\"widget\" data-e-type=\"widget\" data-widget_type=\"image.default\">\n\t\t\t\t<div class=\"elementor-widget-container\">\n\t\t\t\t\t\t\t\t\t\t\t\t\t\t\t<img fetchpriority=\"high\" decoding=\"async\" width=\"731\" height=\"1024\" src=\"https:\/\/photomaisonslaffitte.fr\/photo_club_ml\/wp-content\/uploads\/2019\/09\/Montages1-731x1024.jpg\" class=\"attachment-large size-large wp-image-4162\" alt=\"\" srcset=\"https:\/\/photomaisonslaffitte.fr\/photo_club_ml\/wp-content\/uploads\/2019\/09\/Montages1-731x1024.jpg 731w, https:\/\/photomaisonslaffitte.fr\/photo_club_ml\/wp-content\/uploads\/2019\/09\/Montages1-214x300.jpg 214w, https:\/\/photomaisonslaffitte.fr\/photo_club_ml\/wp-content\/uploads\/2019\/09\/Montages1-768x1076.jpg 768w, https:\/\/photomaisonslaffitte.fr\/photo_club_ml\/wp-content\/uploads\/2019\/09\/Montages1-1360x1905.jpg 1360w, https:\/\/photomaisonslaffitte.fr\/photo_club_ml\/wp-content\/uploads\/2019\/09\/Montages1-960x1344.jpg 960w, https:\/\/photomaisonslaffitte.fr\/photo_club_ml\/wp-content\/uploads\/2019\/09\/Montages1-720x1008.jpg 720w, https:\/\/photomaisonslaffitte.fr\/photo_club_ml\/wp-content\/uploads\/2019\/09\/Montages1-480x672.jpg 480w, https:\/\/photomaisonslaffitte.fr\/photo_club_ml\/wp-content\/uploads\/2019\/09\/Montages1-320x448.jpg 320w, https:\/\/photomaisonslaffitte.fr\/photo_club_ml\/wp-content\/uploads\/2019\/09\/Montages1-128x179.jpg 128w, https:\/\/photomaisonslaffitte.fr\/photo_club_ml\/wp-content\/uploads\/2019\/09\/Montages1.jpg 1371w\" sizes=\"(max-width: 731px) 100vw, 731px\" \/>\t\t\t\t\t\t\t\t\t\t\t\t\t\t\t<\/div>\n\t\t\t\t<\/div>\n\t\t\t\t\t<\/div>\n\t\t<\/div>\n\t\t\t\t\t<\/div>\n\t\t<\/section>\n\t\t\t\t<section class=\"elementor-section elementor-top-section elementor-element elementor-element-1fc2834e elementor-section-boxed elementor-section-height-default elementor-section-height-default\" data-id=\"1fc2834e\" data-element_type=\"section\" data-e-type=\"section\">\n\t\t\t\t\t\t<div class=\"elementor-container elementor-column-gap-default\">\n\t\t\t\t\t<div class=\"elementor-column elementor-col-100 elementor-top-column elementor-element elementor-element-16a99e96\" data-id=\"16a99e96\" data-element_type=\"column\" data-e-type=\"column\">\n\t\t\t<div class=\"elementor-widget-wrap elementor-element-populated\">\n\t\t\t\t\t\t<div class=\"elementor-element elementor-element-25e0b767 elementor-widget elementor-widget-text-editor\" data-id=\"25e0b767\" data-element_type=\"widget\" data-e-type=\"widget\" data-widget_type=\"text-editor.default\">\n\t\t\t\t<div class=\"elementor-widget-container\">\n\t\t\t\t\t\t\t\t\t<h5 style=\"text-align: center;\">Le Photoclub de Maisons-Laffitte<\/h5>\n<p style=\"text-align: center;\">Le Club est fort d\u2019une cinquantaine de passionn\u00e9s de photographie, jeunes, moins jeunes, vieux routiers de la photo et d\u00e9butants.<\/p>\n<p style=\"text-align: center;\">Le Club est une section de l\u2019<a href=\"http:\/\/www.usml.fr\/\">USML (Union Sportive et Culturelle de Maisons Laffitte et du Mesnil-le-Roi<\/a>.<\/p>\n<p style=\"text-align: center;\">Le Club est \u00e9galement membre de la <a href=\"http:\/\/federation-photo.fr\/\">FPF (F\u00e9d\u00e9ration Photographique de France)<\/a>.<\/p>\n<p style=\"text-align: center;\">Nous nous r\u00e9unissons\u00a0le mardi soir (ateliers) et le\u00a0\u00a0jeudi soir : diaporama, critique photos, \u00e9changes de conseils de labo et de prise de vue, de trucs et d\u2019astuces.<\/p>\n<p style=\"text-align: center;\">Un studio photo \u00e9quip\u00e9, partag\u00e9 avec le vid\u00e9o club Boucles de Seine Images est \u00e0 notre dispositions selon un planning de r\u00e9servation.\u00a0\u00a0<\/p>\n<p><\/p>\n<figure class=\"wp-block-gallery columns-0 is-cropped wp-block-gallery-2 is-layout-flex wp-block-gallery-is-layout-flex\"><\/figure>\n<p><\/p>\t\t\t\t\t\t\t\t<\/div>\n\t\t\t\t<\/div>\n\t\t\t\t<div class=\"elementor-element elementor-element-3bbb379 elementor-widget elementor-widget-text-editor\" data-id=\"3bbb379\" data-element_type=\"widget\" data-e-type=\"widget\" data-widget_type=\"text-editor.default\">\n\t\t\t\t<div class=\"elementor-widget-container\">\n\t\t\t\t\t\t\t\t\t<h1><img decoding=\"async\" src=\"https:\/\/photomaisonslaffitte.fr\/photo_club_ml\/wp-content\/uploads\/2016\/07\/cropped-cropped-cropped-cropped-Logo-PCML-120x120mm-e1468760088295.jpg\" sizes=\"(max-width: 720px) 100vw, 720px\" srcset=\"https:\/\/photomaisonslaffitte.fr\/photo_club_ml\/wp-content\/uploads\/2016\/07\/cropped-cropped-cropped-cropped-Logo-PCML-120x120mm-e1468760088295.jpg 958w, https:\/\/photomaisonslaffitte.fr\/photo_club_ml\/wp-content\/uploads\/2016\/07\/cropped-cropped-cropped-cropped-Logo-PCML-120x120mm-e1468760088295-300x77.jpg 300w, https:\/\/photomaisonslaffitte.fr\/photo_club_ml\/wp-content\/uploads\/2016\/07\/cropped-cropped-cropped-cropped-Logo-PCML-120x120mm-e1468760088295-768x197.jpg 768w\" alt=\"\" width=\"720\" height=\"185\" \/><\/h1>\t\t\t\t\t\t\t\t<\/div>\n\t\t\t\t<\/div>\n\t\t\t\t<section class=\"elementor-section elementor-inner-section elementor-element elementor-element-034ea02 elementor-section-boxed elementor-section-height-default elementor-section-height-default\" data-id=\"034ea02\" data-element_type=\"section\" data-e-type=\"section\">\n\t\t\t\t\t\t<div class=\"elementor-container elementor-column-gap-default\">\n\t\t\t\t\t<div class=\"elementor-column elementor-col-100 elementor-inner-column elementor-element elementor-element-b7b810c\" data-id=\"b7b810c\" data-element_type=\"column\" data-e-type=\"column\">\n\t\t\t<div class=\"elementor-widget-wrap elementor-element-populated\">\n\t\t\t\t\t\t<div class=\"elementor-element elementor-element-b9e0699 elementor-widget elementor-widget-text-editor\" data-id=\"b9e0699\" data-element_type=\"widget\" data-e-type=\"widget\" data-widget_type=\"text-editor.default\">\n\t\t\t\t<div class=\"elementor-widget-container\">\n\t\t\t\t\t\t\t\t\t<h3 style=\"text-align: center;\"><a href=\"https:\/\/photomaisonslaffitte.fr\/photo_club_ml\/presentation-du-photo-club\/\">bureau et \u00e9quipe d&#8217;animation<\/a><\/h3>\t\t\t\t\t\t\t\t<\/div>\n\t\t\t\t<\/div>\n\t\t\t\t\t<\/div>\n\t\t<\/div>\n\t\t\t\t\t<\/div>\n\t\t<\/section>\n\t\t\t\t\t<\/div>\n\t\t<\/div>\n\t\t\t\t\t<\/div>\n\t\t<\/section>\n\t\t\t\t<\/div>\n\t\t","protected":false},"excerpt":{"rendered":"<p>Nous conna\u00eetre Le Photoclub de Maisons-Laffitte Le Club est fort d\u2019une cinquantaine de passionn\u00e9s de photographie, jeunes, moins jeunes, vieux routiers de la photo et d\u00e9butants. Le Club est une [&hellip;]<\/p>\n","protected":false},"author":1,"featured_media":316,"parent":0,"menu_order":2,"comment_status":"closed","ping_status":"closed","template":"","meta":{"site-sidebar-layout":"default","site-content-layout":"","ast-site-content-layout":"default","site-content-style":"default","site-sidebar-style":"default","ast-global-header-display":"","ast-banner-title-visibility":"","ast-main-header-display":"","ast-hfb-above-header-display":"","ast-hfb-below-header-display":"","ast-hfb-mobile-header-display":"","site-post-title":"disabled","ast-breadcrumbs-content":"","ast-featured-img":"disabled","footer-sml-layout":"","ast-disable-related-posts":"","theme-transparent-header-meta":"","adv-header-id-meta":"","stick-header-meta":"","header-above-stick-meta":"","header-main-stick-meta":"","header-below-stick-meta":"","astra-migrate-meta-layouts":"default","ast-page-background-enabled":"default","ast-page-background-meta":{"desktop":{"background-color":"var(--ast-global-color-4)","background-image":"","background-repeat":"repeat","background-position":"center center","background-size":"auto","background-attachment":"scroll","background-type":"","background-media":"","overlay-type":"","overlay-color":"","overlay-opacity":"","overlay-gradient":""},"tablet":{"background-color":"","background-image":"","background-repeat":"repeat","background-position":"center center","background-size":"auto","background-attachment":"scroll","background-type":"","background-media":"","overlay-type":"","overlay-color":"","overlay-opacity":"","overlay-gradient":""},"mobile":{"background-color":"","background-image":"","background-repeat":"repeat","background-position":"center center","background-size":"auto","background-attachment":"scroll","background-type":"","background-media":"","overlay-type":"","overlay-color":"","overlay-opacity":"","overlay-gradient":""}},"ast-content-background-meta":{"desktop":{"background-color":"var(--ast-global-color-5)","background-image":"","background-repeat":"repeat","background-position":"center center","background-size":"auto","background-attachment":"scroll","background-type":"","background-media":"","overlay-type":"","overlay-color":"","overlay-opacity":"","overlay-gradient":""},"tablet":{"background-color":"var(--ast-global-color-5)","background-image":"","background-repeat":"repeat","background-position":"center center","background-size":"auto","background-attachment":"scroll","background-type":"","background-media":"","overlay-type":"","overlay-color":"","overlay-opacity":"","overlay-gradient":""},"mobile":{"background-color":"var(--ast-global-color-5)","background-image":"","background-repeat":"repeat","background-position":"center center","background-size":"auto","background-attachment":"scroll","background-type":"","background-media":"","overlay-type":"","overlay-color":"","overlay-opacity":"","overlay-gradient":""}},"_price":"","_stock":"","_tribe_ticket_header":"","_tribe_default_ticket_provider":"","_tribe_ticket_capacity":"0","_ticket_start_date":"","_ticket_end_date":"","_tribe_ticket_show_description":"","_tribe_ticket_show_not_going":false,"_tribe_ticket_use_global_stock":"","_tribe_ticket_global_stock_level":"","_global_stock_mode":"","_global_stock_cap":"","_tribe_rsvp_for_event":"","_tribe_ticket_going_count":"","_tribe_ticket_not_going_count":"","_tribe_tickets_list":"[]","_tribe_ticket_has_attendee_info_fields":false,"footnotes":""},"categories":[],"tags":[],"class_list":["post-294","page","type-page","status-publish","has-post-thumbnail","hentry"],"_links":{"self":[{"href":"https:\/\/photomaisonslaffitte.fr\/photo_club_ml\/wp-json\/wp\/v2\/pages\/294","targetHints":{"allow":["GET"]}}],"collection":[{"href":"https:\/\/photomaisonslaffitte.fr\/photo_club_ml\/wp-json\/wp\/v2\/pages"}],"about":[{"href":"https:\/\/photomaisonslaffitte.fr\/photo_club_ml\/wp-json\/wp\/v2\/types\/page"}],"author":[{"embeddable":true,"href":"https:\/\/photomaisonslaffitte.fr\/photo_club_ml\/wp-json\/wp\/v2\/users\/1"}],"replies":[{"embeddable":true,"href":"https:\/\/photomaisonslaffitte.fr\/photo_club_ml\/wp-json\/wp\/v2\/comments?post=294"}],"version-history":[{"count":0,"href":"https:\/\/photomaisonslaffitte.fr\/photo_club_ml\/wp-json\/wp\/v2\/pages\/294\/revisions"}],"wp:featuredmedia":[{"embeddable":true,"href":"https:\/\/photomaisonslaffitte.fr\/photo_club_ml\/wp-json\/wp\/v2\/media\/316"}],"wp:attachment":[{"href":"https:\/\/photomaisonslaffitte.fr\/photo_club_ml\/wp-json\/wp\/v2\/media?parent=294"}],"wp:term":[{"taxonomy":"category","embeddable":true,"href":"https:\/\/photomaisonslaffitte.fr\/photo_club_ml\/wp-json\/wp\/v2\/categories?post=294"},{"taxonomy":"post_tag","embeddable":true,"href":"https:\/\/photomaisonslaffitte.fr\/photo_club_ml\/wp-json\/wp\/v2\/tags?post=294"}],"curies":[{"name":"wp","href":"https:\/\/api.w.org\/{rel}","templated":true}]}}